{"id":23,"date":"2026-04-05T11:14:15","date_gmt":"2026-04-05T11:14:15","guid":{"rendered":"https:\/\/hansel.ee\/kkk-korduvad-kusimused\/"},"modified":"2026-04-06T11:38:33","modified_gmt":"2026-04-06T11:38:33","slug":"kkk-korduvad-kusimused","status":"publish","type":"page","link":"https:\/\/hansel.ee\/en\/kkk-korduvad-kusimused\/","title":{"rendered":"FAQ"},"content":{"rendered":"<div class=\"wp-block-group alignfull is-style-ext-preset--group--natural-1--section has-background-background-color has-background has-global-padding is-layout-constrained wp-container-core-group-is-layout-e955bbaf wp-block-group-is-layout-constrained is-style-ext-preset--group--natural-1--section--1\" id=\"kkk\" style=\"margin-top:0;margin-bottom:0;padding-top:var(--wp--preset--spacing--70);padding-bottom:var(--wp--preset--spacing--70)\">\n<p class=\"ext-animate--on\"><\/p>\n\n\n\n<div class=\"wp-block-group alignwide has-global-padding is-content-justification-center is-layout-constrained wp-container-core-group-is-layout-8f997a6a wp-block-group-is-layout-constrained\">\n<div class=\"wp-block-group is-style-ext-preset--group--natural-1--item-card-1--align-start ext-animate--on is-layout-flow wp-block-group-is-layout-flow is-style-ext-preset--group--natural-1--item-card-1--align-start--2\">\n<div class=\"wp-block-group is-style-default ext-animate--on is-layout-flow wp-block-group-is-layout-flow\">\n<h3 class=\"wp-block-heading ext-animate--on\">Kuidas valida nahav\u00e4rvi?<\/h3>\n\n\n\n<p class=\"ext-animate--on\">Iga toote galeriis on juures k\u00f5ik nahav\u00e4rvid. Peamine erinevus on tekstuursel (Pueblo) ja siledal (Buttero) nahal. Pea meeles, et tulenevalt ekraanide erip\u00e4rast, valgusest, fotodest v\u00f5ivad nahatoonid reaalsuses veidi erineda.<\/p>\n<\/div>\n<\/div>\n\n\n\n<div class=\"wp-block-group is-style-ext-preset--group--natural-1--item-card-1--align-start ext-animate--on is-layout-flow wp-block-group-is-layout-flow is-style-ext-preset--group--natural-1--item-card-1--align-start--3\">\n<div class=\"wp-block-group is-style-default is-layout-flow wp-block-group-is-layout-flow\">\n<h3 class=\"wp-block-heading\">Kuidas saan oma nahktootele graveeringu lisada?<\/h3>\n\n\n\n<p>Graveeringut saate lisada tootelehel, kirjutades soovi olemasolevasse lahtrisse.<\/p>\n<\/div>\n<\/div>\n\n\n\n<div class=\"wp-block-group is-style-ext-preset--group--natural-1--item-card-1--align-start ext-animate--on is-layout-flow wp-block-group-is-layout-flow is-style-ext-preset--group--natural-1--item-card-1--align-start--4\">\n<div class=\"wp-block-group is-style-default is-layout-flow wp-block-group-is-layout-flow\">\n<h3 class=\"wp-block-heading\">Kui kiiresti tellimus kohale j\u00f5uab?<\/h3>\n\n\n\n<p>Tavaliselt kulub tellmuse valmistamiseks 2-5 t\u00f6\u00f6p\u00e4eva, millele lisandub ka paki kohaletoomise aeg 1-2 t\u00f6\u00f6p\u00e4eva. Juhul, kui tellimusega l\u00e4heb oodatust kauem, anname teile teada.<\/p>\n<\/div>\n<\/div>\n\n\n\n<div class=\"wp-block-group is-style-ext-preset--group--natural-1--item-card-1--align-start ext-animate--on is-layout-flow wp-block-group-is-layout-flow is-style-ext-preset--group--natural-1--item-card-1--align-start--5\">\n<div class=\"wp-block-group is-style-default is-layout-flow wp-block-group-is-layout-flow\">\n<h3 class=\"wp-block-heading\">Miks on tooted v\u00f5rdlemisi kallid?<\/h3>\n\n\n\n<p>Toote hind ei ole lihtsalt materjal + kasum. Hinna sisse kuulub kulutatud aeg, materjalide hind, pakendi hind, disainiks kulunud aeg, maksud, reklaam, t\u00f6\u00f6riistad, veebilehe kulud, kasum ja palju muudki. Lisaks ostab klient v\u00f5imaluse k\u00fcsida, parandada ja teadmise, kes selle tegi.<\/p>\n<\/div>\n<\/div>\n\n\n\n<div class=\"wp-block-group is-style-ext-preset--group--natural-1--item-card-1--align-start ext-animate--on is-layout-flow wp-block-group-is-layout-flow is-style-ext-preset--group--natural-1--item-card-1--align-start--6\">\n<div class=\"wp-block-group is-style-default ext-animate--on is-layout-flow wp-block-group-is-layout-flow\">\n<h3 class=\"wp-block-heading ext-animate--on\">Kas tooteid saab tagastada?<\/h3>\n\n\n\n<p class=\"ext-animate--on\">Juhul, kui olete soovinud personaliseerida toodet, n\u00e4iteks graveeringuga, siis seadus ei kohusta m\u00fc\u00fcjat toodet tagasi v\u00f5tma. Vastasel juhul kehtib tavaline 14-p\u00e4evane tagastus\u00f5igus.<\/p>\n<\/div>\n<\/div>\n\n\n\n<div class=\"wp-block-group is-style-ext-preset--group--natural-1--item-card-1--align-start ext-animate--on is-layout-flow wp-block-group-is-layout-flow is-style-ext-preset--group--natural-1--item-card-1--align-start--7\">\n<div class=\"wp-block-group is-style-default is-layout-flow wp-block-group-is-layout-flow\">\n<h3 class=\"wp-block-heading\">Kas tooted vajavad erilist hooldust?<\/h3>\n\n\n\n<p>\u00dcldiselt mitte, juhul kui m\u00e4rkad, et nahk on eriti kuiv, v\u00f5ib kasutada naha\u00f5li v\u00f5i -palsamit. \u00dcldjuhul piisab lihtsalt toote kasutamisest\/kandmisest.<\/p>\n<\/div>\n<\/div>\n<\/div>\n<\/div>","protected":false},"excerpt":{"rendered":"<p>Kuidas valida nahav\u00e4rvi? Iga toote galeriis on juures k\u00f5ik nahav\u00e4rvid. Peamine erinevus on tekstuursel (Pueblo) ja siledal (Buttero) nahal. Pea meeles, et tulenevalt ekraanide erip\u00e4rast, valgusest, fotodest v\u00f5ivad nahatoonid reaalsuses veidi erineda. Kuidas saan oma nahktootele graveeringu lisada? Graveeringut saate lisada tootelehel, kirjutades soovi olemasolevasse lahtrisse. Kui kiiresti tellimus kohale j\u00f5uab? Tavaliselt kulub tellmuse valmistamiseks [&hellip;]<\/p>\n","protected":false},"author":1,"featured_media":0,"parent":0,"menu_order":0,"comment_status":"closed","ping_status":"closed","template":"page-with-title","meta":{"_monsterinsights_skip_tracking":false,"_monsterinsights_sitenote_active":false,"_monsterinsights_sitenote_note":"","_monsterinsights_sitenote_category":0,"footnotes":""},"class_list":["post-23","page","type-page","status-publish","hentry"],"_links":{"self":[{"href":"https:\/\/hansel.ee\/en\/wp-json\/wp\/v2\/pages\/23","targetHints":{"allow":["GET"]}}],"collection":[{"href":"https:\/\/hansel.ee\/en\/wp-json\/wp\/v2\/pages"}],"about":[{"href":"https:\/\/hansel.ee\/en\/wp-json\/wp\/v2\/types\/page"}],"author":[{"embeddable":true,"href":"https:\/\/hansel.ee\/en\/wp-json\/wp\/v2\/users\/1"}],"replies":[{"embeddable":true,"href":"https:\/\/hansel.ee\/en\/wp-json\/wp\/v2\/comments?post=23"}],"version-history":[{"count":3,"href":"https:\/\/hansel.ee\/en\/wp-json\/wp\/v2\/pages\/23\/revisions"}],"predecessor-version":[{"id":386,"href":"https:\/\/hansel.ee\/en\/wp-json\/wp\/v2\/pages\/23\/revisions\/386"}],"wp:attachment":[{"href":"https:\/\/hansel.ee\/en\/wp-json\/wp\/v2\/media?parent=23"}],"curies":[{"name":"wp","href":"https:\/\/api.w.org\/{rel}","templated":true}]}}