{"id":301,"date":"2026-04-05T18:00:01","date_gmt":"2026-04-05T18:00:01","guid":{"rendered":"https:\/\/hansel.ee\/?page_id=301"},"modified":"2026-04-06T11:39:31","modified_gmt":"2026-04-06T11:39:31","slug":"privaatsuspoliitika","status":"publish","type":"page","link":"https:\/\/hansel.ee\/en\/privaatsuspoliitika\/","title":{"rendered":"Privacy Policy"},"content":{"rendered":"<p class=\"ext-animate--on\"><\/p>\n\n\n\n<p class=\"ext-animate--on\"><strong>1. \u00dclds\u00e4tted ja isikuandmete vastutav t\u00f6\u00f6tleja<\/strong> K\u00e4esolev privaatsuspoliitika reguleerib isikuandmete kogumist, t\u00f6\u00f6tlemist ja s\u00e4ilitamist veebilehel hansel.ee (edaspidi E-pood v\u00f5i Veebileht). Isikuandmete vastutav t\u00f6\u00f6tleja on:<\/p>\n\n\n\n<ul class=\"wp-block-list ext-animate--on\">\n<li class=\"ext-animate--on\"><strong>Ettev\u00f5te:<\/strong> O\u00dc H\u00e4nsel<\/li>\n\n\n\n<li class=\"ext-animate--on\"><strong>Registrikood:<\/strong> 17427926<\/li>\n\n\n\n<li class=\"ext-animate--on\"><strong>E-post:<\/strong> info@hansel.ee (edaspidi Kaupmees).<\/li>\n<\/ul>\n\n\n\n<p class=\"ext-animate--on\"><strong>O\u00dc H\u00e4nsel on isikuandmete vastutav t\u00f6\u00f6tleja ning edastab maksete teostamiseks vajalikud isikuandmed volitatud t\u00f6\u00f6tlejale Montonio Finance UAB.<\/strong><\/p>\n\n\n\n<p class=\"ext-animate--on\"><strong>2. Milliseid isikuandmeid t\u00f6\u00f6deldakse?<\/strong> Kaupmees kogub ja t\u00f6\u00f6tleb klientide kohta j\u00e4rgmisi isikuandmeid:<\/p>\n\n\n\n<ul class=\"wp-block-list ext-animate--on\">\n<li class=\"ext-animate--on\">Ees- ja perekonnanimi;<\/li>\n\n\n\n<li class=\"ext-animate--on\">Kontaktandmed (telefoninumber, e-posti aadress);<\/li>\n\n\n\n<li class=\"ext-animate--on\">Kohaletoimetamise aadress (kui tegemist on f\u00fc\u00fcsilise kaubaga);<\/li>\n\n\n\n<li class=\"ext-animate--on\">Pangakonto number (nt maksete tagastamiseks);<\/li>\n\n\n\n<li class=\"ext-animate--on\">Kaupade ja teenuste maksumus ning maksetega seotud andmed;<\/li>\n\n\n\n<li class=\"ext-animate--on\">Klienditoe suhtluse ajalugu.<\/li>\n<\/ul>\n\n\n\n<p class=\"ext-animate--on\"><strong>3. Mis eesm\u00e4rgil isikuandmeid t\u00f6\u00f6deldakse?<\/strong><\/p>\n\n\n\n<ul class=\"wp-block-list ext-animate--on\">\n<li class=\"ext-animate--on\"><strong>Tellimuste haldamine:<\/strong> Isikuandmeid kasutatakse kliendi tellimuste haldamiseks ja kauba v\u00f5i teenuse kohaletoimetamiseks.<\/li>\n\n\n\n<li class=\"ext-animate--on\"><strong>Maksete t\u00f6\u00f6tlemine:<\/strong> Pangakonto andmeid kasutatakse vajadusel kliendile maksete tagastamiseks. Maksete teostamiseks vajalikud isikuandmed edastatakse makseteenuse pakkujale.<\/li>\n\n\n\n<li class=\"ext-animate--on\"><strong>Klienditugi:<\/strong> Ostuajaloo andmeid ja suhtlusajalugu kasutatakse ostetud kaupade v\u00f5i teenustega seotud k\u00fcsimuste lahendamiseks.<\/li>\n\n\n\n<li class=\"ext-animate--on\"><strong>Raamatupidamine:<\/strong> Andmeid t\u00f6\u00f6deldakse raamatupidamiskohustuste t\u00e4itmiseks.<\/li>\n\n\n\n<li class=\"ext-animate--on\"><strong>Turundus (n\u00f5usoleku alusel):<\/strong> E-posti aadressi ja telefoninumbrit kasutatakse otseturundusteadete saatmiseks vaid juhul, kui klient on andnud selleks n\u00f5usoleku.<\/li>\n<\/ul>\n\n\n\n<p class=\"ext-animate--on\"><strong>4. \u00d5iguslik alus<\/strong><\/p>\n\n\n\n<ul class=\"wp-block-list ext-animate--on\">\n<li class=\"ext-animate--on\">Isikuandmete t\u00f6\u00f6tlemine toimub kliendiga s\u00f5lmitud lepingu t\u00e4itmise eesm\u00e4rgil.<\/li>\n\n\n\n<li class=\"ext-animate--on\">Isikuandmete t\u00f6\u00f6tlemine toimub juriidilise kohustuse t\u00e4itmiseks (nt raamatupidamine ja tarbijavaidluste lahendamine).<\/li>\n\n\n\n<li class=\"ext-animate--on\">Andmet\u00f6\u00f6tlus v\u00f5ib toimuda ka kliendi n\u00f5usoleku alusel (uudiskirjad, turundus).<\/li>\n<\/ul>\n\n\n\n<p class=\"ext-animate--on\" id=\"p-rc_2feaec4c7cfbfd12-24\"><strong>5. Andmete edastamine volitatud t\u00f6\u00f6tlejatele ja kolmandatele isikutele<sup><\/sup><\/strong> Kaupmees hoiab kliendi andmeid saladuses ega v\u00e4ljasta neid kolmandatele osapooltele, v\u00e4lja arvatud<sup><\/sup> juhul, kui see on vajalik teenuse osutamiseks v\u00f5i tuleneb seadusest:<\/p>\n\n\n\n<ul class=\"wp-block-list ext-animate--on\">\n<li class=\"ext-animate--on\"><strong>Makselahenduste pakkujad:<\/strong> Maksete teostamiseks vajalikud andmed edastatakse volitatud t\u00f6\u00f6tlejale <strong>Montonio Finance UAB<\/strong>.<\/li>\n\n\n\n<li class=\"ext-animate--on\"><strong>Transporditeenuse pakkujad:<\/strong> Nimi, telefoninumber ja aadress edastatakse transporditeenuse pakkujale kauba kohaletoimetamiseks <em>(kui m\u00fc\u00fcd ainult digitooteid, v\u00f5id selle punkti kustutada)<\/em>.<\/li>\n\n\n\n<li class=\"ext-animate--on\"><strong>Raamatupidamisteenus:<\/strong> Isikuandmed edastatakse raamatupidamisteenuse pakkujale finantstoimingute tegemiseks.<\/li>\n\n\n\n<li class=\"ext-animate--on\"><strong>IT-partnerid:<\/strong> Andmeid v\u00f5idakse edastada IT-teenuse v\u00f5i serverimajutuse pakkujatele veebipoe funktsionaalsuse tagamiseks.<\/li>\n<\/ul>\n\n\n\n<p class=\"ext-animate--on\"><strong>6. Isikuandmete turvalisus ja s\u00e4ilitamine<\/strong><\/p>\n\n\n\n<ul class=\"wp-block-list ext-animate--on\">\n<li class=\"ext-animate--on\">Isikuandmeid s\u00e4ilitatakse turvalistes serverites, mis asuvad Euroopa Liidu v\u00f5i Euroopa Majanduspiirkonna territooriumil.<\/li>\n\n\n\n<li class=\"ext-animate--on\">Maksetega ja tarbijavaidlustega seotud vaidluste korral s\u00e4ilitatakse isikuandmeid kuni n\u00f5ude t\u00e4itmiseni v\u00f5i aegumist\u00e4htaja l\u00f5puni.<\/li>\n\n\n\n<li class=\"ext-animate--on\">Raamatupidamise algdokumente (nt arveid) s\u00e4ilitatakse vastavalt seadusele 7 aastat.<\/li>\n<\/ul>\n\n\n\n<p class=\"ext-animate--on\"><strong>7. Kasutaja \u00f5igused<\/strong> Kliendil on seoses oma isikuandmetega j\u00e4rgmised \u00f5igused:<\/p>\n\n\n\n<ul class=\"wp-block-list ext-animate--on\">\n<li class=\"ext-animate--on\">Saada teavet enda kohta kogutud isikuandmete kohta;<\/li>\n\n\n\n<li class=\"ext-animate--on\">N\u00f5uda eba\u00f5igete isikuandmete parandamist;<\/li>\n\n\n\n<li class=\"ext-animate--on\">N\u00f5uda oma isikuandmete kustutamist (&#8220;\u00f5igus olla unustatud&#8221;), kui t\u00f6\u00f6tlemiseks puudub edasine \u00f5iguslik alus;<\/li>\n\n\n\n<li class=\"ext-animate--on\">V\u00f5tta igal ajal tagasi otseturunduseks antud n\u00f5usolek;<\/li>\n\n\n\n<li class=\"ext-animate--on\">Esitada kaebus andmete t\u00f6\u00f6tlemise osas, v\u00f5ttes \u00fchendust Kaupmehega v\u00f5i esitades kaebuse Andmekaitse Inspektsioonile (info@aki.ee).<\/li>\n<\/ul>\n\n\n\n<p class=\"ext-animate--on\"><strong>8. K\u00fcpsised (Cookies)<\/strong> Veebileht hansel.ee kasutab k\u00fcpsiseid, et parandada kasutajakogemust ja anal\u00fc\u00fcsida veebiliiklust. Kasutajal on \u00f5igus oma veebilehitseja seadetes k\u00fcpsiste kasutamine keelata, kuid see v\u00f5ib piirata veebilehe osade funktsioonide toimimist.<\/p>\n\n\n\n<p class=\"ext-animate--on\"><strong>9. Vaidluste lahendamine<\/strong> Isikuandmete t\u00f6\u00f6tlemisega seotud k\u00fcsimuste ja kaebustega saab p\u00f6\u00f6rduda klienditoe poole e-posti aadressil info@hansel.ee.<\/p>","protected":false},"excerpt":{"rendered":"<p>1. \u00dclds\u00e4tted ja isikuandmete vastutav t\u00f6\u00f6tleja K\u00e4esolev privaatsuspoliitika reguleerib isikuandmete kogumist, t\u00f6\u00f6tlemist ja s\u00e4ilitamist veebilehel hansel.ee (edaspidi E-pood v\u00f5i Veebileht). Isikuandmete vastutav t\u00f6\u00f6tleja on: O\u00dc H\u00e4nsel on isikuandmete vastutav t\u00f6\u00f6tleja ning edastab maksete teostamiseks vajalikud isikuandmed volitatud t\u00f6\u00f6tlejale Montonio Finance UAB. 2. Milliseid isikuandmeid t\u00f6\u00f6deldakse? Kaupmees kogub ja t\u00f6\u00f6tleb klientide kohta j\u00e4rgmisi isikuandmeid: 3. Mis [&hellip;]<\/p>\n","protected":false},"author":1,"featured_media":0,"parent":0,"menu_order":0,"comment_status":"closed","ping_status":"closed","template":"page-with-title","meta":{"_monsterinsights_skip_tracking":false,"_monsterinsights_sitenote_active":false,"_monsterinsights_sitenote_note":"","_monsterinsights_sitenote_category":0,"footnotes":""},"class_list":["post-301","page","type-page","status-publish","hentry"],"_links":{"self":[{"href":"https:\/\/hansel.ee\/en\/wp-json\/wp\/v2\/pages\/301","targetHints":{"allow":["GET"]}}],"collection":[{"href":"https:\/\/hansel.ee\/en\/wp-json\/wp\/v2\/pages"}],"about":[{"href":"https:\/\/hansel.ee\/en\/wp-json\/wp\/v2\/types\/page"}],"author":[{"embeddable":true,"href":"https:\/\/hansel.ee\/en\/wp-json\/wp\/v2\/users\/1"}],"replies":[{"embeddable":true,"href":"https:\/\/hansel.ee\/en\/wp-json\/wp\/v2\/comments?post=301"}],"version-history":[{"count":2,"href":"https:\/\/hansel.ee\/en\/wp-json\/wp\/v2\/pages\/301\/revisions"}],"predecessor-version":[{"id":387,"href":"https:\/\/hansel.ee\/en\/wp-json\/wp\/v2\/pages\/301\/revisions\/387"}],"wp:attachment":[{"href":"https:\/\/hansel.ee\/en\/wp-json\/wp\/v2\/media?parent=301"}],"curies":[{"name":"wp","href":"https:\/\/api.w.org\/{rel}","templated":true}]}}