{"id":119,"date":"2026-04-05T12:15:50","date_gmt":"2026-04-05T12:15:50","guid":{"rendered":"https:\/\/hansel.ee\/?post_type=product&#038;p=119"},"modified":"2026-04-07T15:14:34","modified_gmt":"2026-04-07T15:14:34","slug":"bi-fold-rahakott","status":"publish","type":"product","link":"https:\/\/hansel.ee\/en\/product\/bi-fold-rahakott\/","title":{"rendered":"Bi-fold Rahakott"},"content":{"rendered":"<div id=\"partial_11726603\" class=\"partial edy-partial-view edy-content-element\" data-content-area-border=\"outer\" data-delete-path=\"\/admin\/content\/partials\/11726603\" data-partial-id=\"11726603\" data-relocate-path=\"\/admin\/content\/partials\/11726603\/relocate\">\n<div id=\"text_partial_9114934\" class=\"text_partial edy-partial-content-view edy-textpartial-view edy-texteditor-view edy-accepts-assets edy-accepts-embeds wysihtml-sandbox undefined\" contenteditable=\"true\" data-content-area-border=\"inner\" data-content-type=\"text\" data-placeholder=\"Alusta kirjutamist\u2026\" data-textpartial-id=\"9114934\">Ehtne k\u00e4sit\u00f6\u00f6, mis r\u00e4\u00e4gib oma lugu<\/div>\n<\/div>\n<div id=\"partial_11704466\" class=\"partial edy-partial-view edy-content-element edy-content-element-activated\" data-content-area-border=\"outer\" data-delete-path=\"\/admin\/content\/partials\/11704466\" data-partial-id=\"11704466\" data-relocate-path=\"\/admin\/content\/partials\/11704466\/relocate\">\n<div id=\"content_partial_223375\" class=\"content_partial edy-partial-content-view edy-cp-view edy-cp-active\" data-content-partial-id=\"223375\" data-content-partial-metainfo=\"{&quot;embeddata&quot;:{&quot;data&quot;:{&quot;code&quot;:&quot;\\u003cdiv style=\\&quot;font-family: inherit; color: #333333; line-height: 1.6;\\&quot;\\u003e          \\u003ch3 style=\\&quot;font-size: 18px; font-weight: bold; margin-bottom: 10px; margin-top: 25px;\\&quot;\\u003eEhtne k\u00e4sit\u00f6\u00f6, mis r\u00e4\u00e4gib oma lugu\\u003c\/h3\\u003e     \\u003cp style=\\&quot;margin-bottom: 15px;\\&quot;\\u003eK\u00f5ik tooted valmivad minu poolt algusest l\u00f5puni k\u00e4sit\u00f6\u00f6na Eestis. Alates naha l\u00f5ikamisest ja servade lihvimisest kuni hoolika disainini \u2013 iga detail on l\u00e4bi m\u00f5eldud ja teostatud s\u00fcdamega. K\u00e4sit\u00f6\u00f6le ei ole omane tehasemasinlik perfektsus, mis t\u00e4hendab, et t\u00e4nu k\u00e4sit\u00f6\u00f6na valminud viimistlusele v\u00f5ib iga ese veidi erineda. Just see on osa naha iseloomust ja v\u00f5lust, tehes igast tootest ainulaadse.\\u003c\/p\\u003e      \\u003ch3 style=\\&quot;font-size: 18px; font-weight: bold; margin-bottom: 10px; margin-top: 25px;\\&quot;\\u003eParim Itaalia taimparknahk ja paatina\\u003c\/h3\\u003e     \\u003cp style=\\&quot;margin-bottom: 15px;\\&quot;\\u003eKasutan oma toodetes vaid hoolikalt valitud Itaalia taimparknahka. Erinevalt kunstnahast v\u00f5i masstoodangust on see \u00e4\u00e4rmiselt vastupidav, tagades tootele pika eluea. Naturaalse naha k\u00f5ige ilusam omadus on aga selle vananemine \u2013 see omandab aja jooksul kordumatu ja iseloomuliku paatina, muutudes iga kasutamiskorraga aina ilusamaks.\\u003c\/p\\u003e      \\u003ch3 style=\\&quot;font-size: 18px; font-weight: bold; margin-bottom: 10px; margin-top: 25px;\\&quot;\\u003eTee see t\u00f5eliselt isikup\u00e4raseks\\u003c\/h3\\u003e     \\u003cp style=\\&quot;margin-bottom: 15px;\\&quot;\\u003eKuna nahktooted peavad vastu aastaid, pakun v\u00f5imalust muuta need t\u00e4pselt sinu n\u00e4gu. Paljude toodete puhul saad valida oma lemmiku v\u00e4rvikombinatsiooni. Lisaks saad tootele lasta graveerida oma nime, initsiaalid v\u00f5i logo \u2013 muutes selle kas ideaalseks kingituseks l\u00e4hedasele v\u00f5i personaalseks kaaslaseks endale.\\u003c\/p\\u003e      \\u003ch3 style=\\&quot;font-size: 18px; font-weight: bold; margin-bottom: 10px; margin-top: 25px;\\&quot;\\u003eMiks valida see toode?\\u003c\/h3\\u003e     \\u003cul style=\\&quot;margin-bottom: 15px; padding-left: 20px; list-style-type: disc;\\&quot;\\u003e         \\u003cli style=\\&quot;margin-bottom: 8px;\\&quot;\\u003e\\u003cstrong\\u003e100% Eesti k\u00e4sit\u00f6\u00f6:\\u003c\/strong\\u003e Valmistatud suure hoole ja t\u00e4helepanuga igale detailile.\\u003c\/li\\u003e         \\u003cli style=\\&quot;margin-bottom: 8px;\\&quot;\\u003e\\u003cstrong\\u003eEluaegne materjal:\\u003c\/strong\\u003e Kvaliteetne Itaalia taimparknahk, mis ajaga vaid kaunist paatinat kogub.\\u003c\/li\\u003e         \\u003cli style=\\&quot;margin-bottom: 8px;\\&quot;\\u003e\\u003cstrong\\u003ePersonaalsus:\\u003c\/strong\\u003e V\u00f5imalus lisada graveering ja valida v\u00e4rve.\\u003c\/li\\u003e         \\u003cli style=\\&quot;margin-bottom: 8px;\\&quot;\\u003e\\u003cstrong\\u003eAjatu disain:\\u003c\/strong\\u003e Lihtne ja vastupidav, loodud igap\u00e4evaseks mugavaks kasutamiseks.\\u003c\/li\\u003e     \\u003c\/ul\\u003e  \\u003c\/div\\u003e&quot;,&quot;mode&quot;:&quot;html&quot;}}}\" data-content-partial-type=\"custom\" data-content-type=\"custom\">\n<div class=\"edy-contentpartial-body\">\n<p>K\u00f5ik tooted valmivad minu poolt algusest l\u00f5puni k\u00e4sit\u00f6\u00f6na Eestis. Alates naha l\u00f5ikamisest ja servade lihvimisest kuni hoolika disainini \u2013 iga detail on l\u00e4bi m\u00f5eldud ja teostatud s\u00fcdamega. K\u00e4sit\u00f6\u00f6le ei ole omane tehasemasinlik perfektsus, mis t\u00e4hendab, et t\u00e4nu k\u00e4sit\u00f6\u00f6na valminud viimistlusele v\u00f5ib iga ese veidi erineda. Just see on osa naha iseloomust ja v\u00f5lust, tehes igast tootest ainulaadse.<\/p>\n<h3>Parim Itaalia taimparknahk ja paatina<\/h3>\n<p>Kasutan oma toodetes vaid hoolikalt valitud Itaalia taimparknahka. Erinevalt kunstnahast v\u00f5i masstoodangust on see \u00e4\u00e4rmiselt vastupidav, tagades tootele pika eluea. Naturaalse naha k\u00f5ige ilusam omadus on aga selle vananemine \u2013 see omandab aja jooksul kordumatu ja iseloomuliku paatina, muutudes iga kasutamiskorraga aina ilusamaks.<\/p>\n<h3>Tee see t\u00f5eliselt isikup\u00e4raseks<\/h3>\n<p>Kuna nahktooted peavad vastu aastaid, pakun v\u00f5imalust muuta need t\u00e4pselt sinu n\u00e4gu. Paljude toodete puhul saad valida oma lemmiku v\u00e4rvikombinatsiooni. Lisaks saad tootele lasta graveerida oma nime, initsiaalid v\u00f5i logo \u2013 muutes selle kas ideaalseks kingituseks l\u00e4hedasele v\u00f5i personaalseks kaaslaseks endale.<\/p>\n<h3>Miks valida see toode?<\/h3>\n<ul>\n<li><strong>100% Eesti k\u00e4sit\u00f6\u00f6:<\/strong> Valmistatud suure hoole ja t\u00e4helepanuga igale detailile.<\/li>\n<li><strong>Eluaegne materjal:<\/strong> Kvaliteetne Itaalia taimparknahk, mis ajaga vaid kaunist paatinat kogub.<\/li>\n<li><strong>Personaalsus:<\/strong> V\u00f5imalus lisada graveering ja valida v\u00e4rve.<\/li>\n<li><strong>Ajatu disain:<\/strong> Lihtne ja vastupidav, loodud igap\u00e4evaseks mugavaks kasutamiseks.<\/li>\n<\/ul>\n<\/div>\n<\/div>\n<\/div>","protected":false},"excerpt":{"rendered":"<p>Stiilne kokkupandav rahakott, 6 sahtli ja pika sularahataskuga.<\/p>","protected":false},"featured_media":112,"template":"","meta":{"_monsterinsights_skip_tracking":false,"_monsterinsights_sitenote_active":false,"_monsterinsights_sitenote_note":"","_monsterinsights_sitenote_category":0},"product_brand":[],"product_cat":[22],"product_tag":[],"class_list":{"0":"post-119","1":"product","2":"type-product","3":"status-publish","4":"has-post-thumbnail","6":"product_cat-rahakotid","8":"first","9":"instock","10":"shipping-taxable","11":"purchasable","12":"product-type-simple"},"_links":{"self":[{"href":"https:\/\/hansel.ee\/en\/wp-json\/wp\/v2\/product\/119","targetHints":{"allow":["GET"]}}],"collection":[{"href":"https:\/\/hansel.ee\/en\/wp-json\/wp\/v2\/product"}],"about":[{"href":"https:\/\/hansel.ee\/en\/wp-json\/wp\/v2\/types\/product"}],"wp:featuredmedia":[{"embeddable":true,"href":"https:\/\/hansel.ee\/en\/wp-json\/wp\/v2\/media\/112"}],"wp:attachment":[{"href":"https:\/\/hansel.ee\/en\/wp-json\/wp\/v2\/media?parent=119"}],"wp:term":[{"taxonomy":"product_brand","embeddable":true,"href":"https:\/\/hansel.ee\/en\/wp-json\/wp\/v2\/product_brand?post=119"},{"taxonomy":"product_cat","embeddable":true,"href":"https:\/\/hansel.ee\/en\/wp-json\/wp\/v2\/product_cat?post=119"},{"taxonomy":"product_tag","embeddable":true,"href":"https:\/\/hansel.ee\/en\/wp-json\/wp\/v2\/product_tag?post=119"}],"curies":[{"name":"wp","href":"https:\/\/api.w.org\/{rel}","templated":true}]}}